{"id":172868,"date":"2024-06-17T20:27:42","date_gmt":"2024-06-17T18:27:42","guid":{"rendered":"https:\/\/plantis.cz\/produkt\/kolibri-orchids-white-phalaenopsis-orchid-amabilis-elite-pot-gold-pot-size-o9cm-35cm-high-flowering-houseplant-fresh-from-the-grower\/"},"modified":"2026-04-23T09:15:53","modified_gmt":"2026-04-23T07:15:53","slug":"kolibri-orchids-white-phalaenopsis-orchid-amabilis-elite-pot-gold-pot-size-o9cm-35cm-high-flowering-houseplant-fresh-from-the-grower","status":"publish","type":"product","link":"https:\/\/plantis.cz\/cs\/produkt\/kolibri-orchids-white-phalaenopsis-orchid-amabilis-elite-pot-gold-pot-size-o9cm-35cm-high-flowering-houseplant-fresh-from-the-grower\/","title":{"rendered":"Orchideje Kolibri | B\u00edl\u00e1 orchidej Phalaenopsis \u2013 Amabilis + Elite Pot Gold \u2013 Velikost kv\u011btin\u00e1\u010de \u00d89Cm \u2013 35Cm High | Kvetouc\u00ed pokojov\u00e1 rostlina \u2013 \u010derstv\u00e1 od p\u011bstitele"},"content":{"rendered":"<p>P\u0159eneste kr\u00e1su p\u0159\u00edrody do interi\u00e9ru s kr\u00e1snou orchidej\u00ed Amabilis v okrasn\u00e9m kv\u011btin\u00e1\u010di Lush. Dekorativn\u00ed kv\u011btin\u00e1\u010d Lush, ve kter\u00e9m tato orchidej Amabilis p\u0159ich\u00e1z\u00ed, je vyroben z vysoce kvalitn\u00ed keramiky a m\u00e1 kr\u00e1sn\u00fd zlato\/b\u00edl\u00fd povrch. Tato okouzluj\u00edc\u00ed rostlina bude nepochybn\u011b vypadat kr\u00e1sn\u011b v ka\u017ed\u00e9 m\u00edstnosti, ve kter\u00e9 je um\u00edst\u011bna. S kv\u011btin\u00e1\u010dem velikosti 9 je tato orchidej Amabilis ide\u00e1ln\u00ed pro jak\u00fdkoli typ obytn\u00e9ho prostoru, a\u0165 u\u017e je to stylov\u00e1 j\u00eddelna, \u00fatuln\u00fd ob\u00fdvac\u00ed pokoj nebo dokonce kancel\u00e1\u0159.<\/p>\n<p><strong>P\u00e9\u010de o orchidej<\/strong><br \/>\nZal\u00e9vejte orchidej jednou t\u00fddn\u011b pono\u0159en\u00edm kv\u011btin\u00e1\u010de do vody. P\u0159ed um\u00edst\u011bn\u00edm pokojov\u00e9 rostliny zp\u011bt do kv\u011btin\u00e1\u010de nechte orchidej d\u016fkladn\u011b odkapat. Vyberte si sv\u011btl\u00e9 m\u00edsto, ale ne na p\u0159\u00edm\u00e9m slunci, s pokojovou teplotou mezi 18 a 21 stupni. Neumis\u0165ujte orchidej bl\u00edzko kamen nebo topen\u00ed.<\/p>\n<p><strong>Balen\u00ed a dod\u00e1n\u00ed<\/strong><br \/>\nNa\u0161e rostliny jsou zas\u00edl\u00e1ny p\u0159\u00edmo z na\u0161\u00ed \u0161kolky k v\u00e1m. Jsou zabaleny ve speci\u00e1ln\u011b vyvinut\u00e9 p\u0159epravn\u00ed krabici, kter\u00e1 zaji\u0161\u0165uje, \u017ee se rostliny a kv\u011btin\u00e1\u010de b\u011bhem p\u0159epravy nepo\u0161kod\u00ed.<\/p>","protected":false},"excerpt":{"rendered":"<p>P\u0159eneste kr\u00e1su p\u0159\u00edrody do interi\u00e9ru s kr\u00e1snou orchidej\u00ed Amabilis v okrasn\u00e9m kv\u011btin\u00e1\u010di Lush. Dekorativn\u00ed kv\u011btin\u00e1\u010d Lush, ve kter\u00e9m tato orchidej Amabilis p\u0159ich\u00e1z\u00ed, je vyroben z vysoce kvalitn\u00ed keramiky a m\u00e1 kr\u00e1sn\u00fd zlato\/b\u00edl\u00fd povrch. Tato okouzluj\u00edc\u00ed rostlina bude nepochybn\u011b vypadat kr\u00e1sn\u011b v ka\u017ed\u00e9 m\u00edstnosti, ve kter\u00e9 je um\u00edst\u011bna. S [\u2026]<\/p>","protected":false},"featured_media":172864,"template":"","meta":[],"product_cat":[4502],"product_tag":[35,2923],"class_list":{"0":"post-172868","1":"product","2":"type-product","3":"status-publish","4":"has-post-thumbnail","6":"product_cat-other","7":"product_tag-kolibri-orchids","8":"product_tag-other","9":"zita-woo-hover-zoom","10":"zita-woo-alignment-left","11":"zita-shadow-","12":"zita-shadow-hover-","13":"zita-single-product-content-left","14":"zita-single-product-tab-","16":"first","17":"instock","18":"taxable","19":"shipping-taxable","20":"purchasable","21":"product-type-simple"},"yoast_head":"<!-- This site is optimized with the Yoast SEO plugin v21.5 - https:\/\/yoast.com\/wordpress\/plugins\/seo\/ -->\n<title>Kolibri Orchids | White Phalaenopsis Orchid - Amabilis + Elite Pot Gold - Pot Size \u00d89Cm - 35Cm High | Flowering Houseplant - Fresh From The Grower - Plantis.cz<\/title>\n<meta name=\"robots\" content=\"index, follow, max-snippet:-1, max-image-preview:large, max-video-preview:-1\" \/>\n<link rel=\"canonical\" href=\"https:\/\/plantis.cz\/cs\/produkt\/kolibri-orchids-white-phalaenopsis-orchid-amabilis-elite-pot-gold-pot-size-o9cm-35cm-high-flowering-houseplant-fresh-from-the-grower\/\" \/>\n<meta property=\"og:locale\" content=\"cs_CZ\" \/>\n<meta property=\"og:type\" content=\"article\" \/>\n<meta property=\"og:title\" content=\"Kolibri Orchids | White Phalaenopsis Orchid - Amabilis + Elite Pot Gold - Pot Size \u00d89Cm - 35Cm High | Flowering Houseplant - Fresh From The Grower - Plantis.cz\" \/>\n<meta property=\"og:description\" content=\"Bring the beauty of nature indoors with the beautiful Amabilis orchid in a Lush ornamental pot. The Lush decorative pot in which this Amabilis orchid comes is made of high quality ceramic and has a beautiful gold\/white finish. This enchanting plant will undoubtedly look beautiful in any room in which it is placed. With a [&hellip;]\" \/>\n<meta property=\"og:url\" content=\"https:\/\/plantis.cz\/cs\/produkt\/kolibri-orchids-white-phalaenopsis-orchid-amabilis-elite-pot-gold-pot-size-o9cm-35cm-high-flowering-houseplant-fresh-from-the-grower\/\" \/>\n<meta property=\"og:site_name\" content=\"Plantis.cz\" \/>\n<meta property=\"article:modified_time\" content=\"2026-04-23T07:15:53+00:00\" \/>\n<meta property=\"og:image\" content=\"https:\/\/plantis.cz\/wp-content\/uploads\/2024\/06\/26721_1.jpg\" \/>\n\t<meta property=\"og:image:width\" content=\"800\" \/>\n\t<meta property=\"og:image:height\" content=\"800\" \/>\n\t<meta property=\"og:image:type\" content=\"image\/jpeg\" \/>\n<meta name=\"twitter:card\" content=\"summary_large_image\" \/>\n<meta name=\"twitter:label1\" content=\"Odhadovan\u00e1 doba \u010dten\u00ed\" \/>\n\t<meta name=\"twitter:data1\" content=\"1 minuta\" \/>\n<script type=\"application\/ld+json\" class=\"yoast-schema-graph\">{\"@context\":\"https:\/\/schema.org\",\"@graph\":[{\"@type\":\"WebPage\",\"@id\":\"https:\/\/plantis.cz\/produkt\/kolibri-orchids-white-phalaenopsis-orchid-amabilis-elite-pot-gold-pot-size-o9cm-35cm-high-flowering-houseplant-fresh-from-the-grower\/\",\"url\":\"https:\/\/plantis.cz\/produkt\/kolibri-orchids-white-phalaenopsis-orchid-amabilis-elite-pot-gold-pot-size-o9cm-35cm-high-flowering-houseplant-fresh-from-the-grower\/\",\"name\":\"Kolibri Orchids | White Phalaenopsis Orchid - Amabilis + Elite Pot Gold - Pot Size \u00d89Cm - 35Cm High | Flowering Houseplant - Fresh From The Grower - Plantis.cz\",\"isPartOf\":{\"@id\":\"https:\/\/plantis.cz\/#website\"},\"datePublished\":\"2024-06-17T18:27:42+00:00\",\"dateModified\":\"2026-04-23T07:15:53+00:00\",\"breadcrumb\":{\"@id\":\"https:\/\/plantis.cz\/produkt\/kolibri-orchids-white-phalaenopsis-orchid-amabilis-elite-pot-gold-pot-size-o9cm-35cm-high-flowering-houseplant-fresh-from-the-grower\/#breadcrumb\"},\"inLanguage\":\"cs\",\"potentialAction\":[{\"@type\":\"ReadAction\",\"target\":[\"https:\/\/plantis.cz\/produkt\/kolibri-orchids-white-phalaenopsis-orchid-amabilis-elite-pot-gold-pot-size-o9cm-35cm-high-flowering-houseplant-fresh-from-the-grower\/\"]}]},{\"@type\":\"BreadcrumbList\",\"@id\":\"https:\/\/plantis.cz\/produkt\/kolibri-orchids-white-phalaenopsis-orchid-amabilis-elite-pot-gold-pot-size-o9cm-35cm-high-flowering-houseplant-fresh-from-the-grower\/#breadcrumb\",\"itemListElement\":[{\"@type\":\"ListItem\",\"position\":1,\"name\":\"Dom\u016f\",\"item\":\"https:\/\/plantis.cz\/\"},{\"@type\":\"ListItem\",\"position\":2,\"name\":\"Obchod\",\"item\":\"https:\/\/plantis.cz\/obchod\/\"},{\"@type\":\"ListItem\",\"position\":3,\"name\":\"Kolibri Orchids | White Phalaenopsis Orchid &#8211; Amabilis + Elite Pot Gold &#8211; Pot Size \u00d89Cm &#8211; 35Cm High | Flowering Houseplant &#8211; Fresh From The Grower\"}]},{\"@type\":\"WebSite\",\"@id\":\"https:\/\/plantis.cz\/#website\",\"url\":\"https:\/\/plantis.cz\/\",\"name\":\"Plantis.cz\",\"description\":\"Kv\u011btiny\",\"publisher\":{\"@id\":\"https:\/\/plantis.cz\/#organization\"},\"potentialAction\":[{\"@type\":\"SearchAction\",\"target\":{\"@type\":\"EntryPoint\",\"urlTemplate\":\"https:\/\/plantis.cz\/?s={search_term_string}\"},\"query-input\":\"required name=search_term_string\"}],\"inLanguage\":\"cs\"},{\"@type\":\"Organization\",\"@id\":\"https:\/\/plantis.cz\/#organization\",\"name\":\"Plantis.cz\",\"url\":\"https:\/\/plantis.cz\/\",\"logo\":{\"@type\":\"ImageObject\",\"inLanguage\":\"cs\",\"@id\":\"https:\/\/plantis.cz\/#\/schema\/logo\/image\/\",\"url\":\"https:\/\/plantis.cz\/wp-content\/uploads\/2023\/09\/Navrh-bez-nazvu-123.png\",\"contentUrl\":\"https:\/\/plantis.cz\/wp-content\/uploads\/2023\/09\/Navrh-bez-nazvu-123.png\",\"width\":3500,\"height\":2200,\"caption\":\"Plantis.cz\"},\"image\":{\"@id\":\"https:\/\/plantis.cz\/#\/schema\/logo\/image\/\"}}]}<\/script>\n<!-- \/ Yoast SEO plugin. -->","yoast_head_json":{"title":"Kolibri Orchids | White Phalaenopsis Orchid - Amabilis + Elite Pot Gold - Pot Size \u00d89Cm - 35Cm High | Flowering Houseplant - Fresh From The Grower - Plantis.cz","robots":{"index":"index","follow":"follow","max-snippet":"max-snippet:-1","max-image-preview":"max-image-preview:large","max-video-preview":"max-video-preview:-1"},"canonical":"https:\/\/plantis.cz\/cs\/produkt\/kolibri-orchids-white-phalaenopsis-orchid-amabilis-elite-pot-gold-pot-size-o9cm-35cm-high-flowering-houseplant-fresh-from-the-grower\/","og_locale":"cs_CZ","og_type":"article","og_title":"Kolibri Orchids | White Phalaenopsis Orchid - Amabilis + Elite Pot Gold - Pot Size \u00d89Cm - 35Cm High | Flowering Houseplant - Fresh From The Grower - Plantis.cz","og_description":"Bring the beauty of nature indoors with the beautiful Amabilis orchid in a Lush ornamental pot. The Lush decorative pot in which this Amabilis orchid comes is made of high quality ceramic and has a beautiful gold\/white finish. This enchanting plant will undoubtedly look beautiful in any room in which it is placed. With a [&hellip;]","og_url":"https:\/\/plantis.cz\/cs\/produkt\/kolibri-orchids-white-phalaenopsis-orchid-amabilis-elite-pot-gold-pot-size-o9cm-35cm-high-flowering-houseplant-fresh-from-the-grower\/","og_site_name":"Plantis.cz","article_modified_time":"2026-04-23T07:15:53+00:00","og_image":[{"width":800,"height":800,"url":"https:\/\/plantis.cz\/wp-content\/uploads\/2024\/06\/26721_1.jpg","type":"image\/jpeg"}],"twitter_card":"summary_large_image","twitter_misc":{"Odhadovan\u00e1 doba \u010dten\u00ed":"1 minuta"},"schema":{"@context":"https:\/\/schema.org","@graph":[{"@type":"WebPage","@id":"https:\/\/plantis.cz\/produkt\/kolibri-orchids-white-phalaenopsis-orchid-amabilis-elite-pot-gold-pot-size-o9cm-35cm-high-flowering-houseplant-fresh-from-the-grower\/","url":"https:\/\/plantis.cz\/produkt\/kolibri-orchids-white-phalaenopsis-orchid-amabilis-elite-pot-gold-pot-size-o9cm-35cm-high-flowering-houseplant-fresh-from-the-grower\/","name":"Kolibri Orchids | White Phalaenopsis Orchid - Amabilis + Elite Pot Gold - Pot Size \u00d89Cm - 35Cm High | Flowering Houseplant - Fresh From The Grower - Plantis.cz","isPartOf":{"@id":"https:\/\/plantis.cz\/#website"},"datePublished":"2024-06-17T18:27:42+00:00","dateModified":"2026-04-23T07:15:53+00:00","breadcrumb":{"@id":"https:\/\/plantis.cz\/produkt\/kolibri-orchids-white-phalaenopsis-orchid-amabilis-elite-pot-gold-pot-size-o9cm-35cm-high-flowering-houseplant-fresh-from-the-grower\/#breadcrumb"},"inLanguage":"cs","potentialAction":[{"@type":"ReadAction","target":["https:\/\/plantis.cz\/produkt\/kolibri-orchids-white-phalaenopsis-orchid-amabilis-elite-pot-gold-pot-size-o9cm-35cm-high-flowering-houseplant-fresh-from-the-grower\/"]}]},{"@type":"BreadcrumbList","@id":"https:\/\/plantis.cz\/produkt\/kolibri-orchids-white-phalaenopsis-orchid-amabilis-elite-pot-gold-pot-size-o9cm-35cm-high-flowering-houseplant-fresh-from-the-grower\/#breadcrumb","itemListElement":[{"@type":"ListItem","position":1,"name":"Dom\u016f","item":"https:\/\/plantis.cz\/"},{"@type":"ListItem","position":2,"name":"Obchod","item":"https:\/\/plantis.cz\/obchod\/"},{"@type":"ListItem","position":3,"name":"Kolibri Orchids | White Phalaenopsis Orchid &#8211; Amabilis + Elite Pot Gold &#8211; Pot Size \u00d89Cm &#8211; 35Cm High | Flowering Houseplant &#8211; Fresh From The Grower"}]},{"@type":"WebSite","@id":"https:\/\/plantis.cz\/#website","url":"https:\/\/plantis.cz\/","name":"Plantis.cz","description":"Kv\u011btiny","publisher":{"@id":"https:\/\/plantis.cz\/#organization"},"potentialAction":[{"@type":"SearchAction","target":{"@type":"EntryPoint","urlTemplate":"https:\/\/plantis.cz\/?s={search_term_string}"},"query-input":"required name=search_term_string"}],"inLanguage":"cs"},{"@type":"Organization","@id":"https:\/\/plantis.cz\/#organization","name":"Plantis.cz","url":"https:\/\/plantis.cz\/","logo":{"@type":"ImageObject","inLanguage":"cs","@id":"https:\/\/plantis.cz\/#\/schema\/logo\/image\/","url":"https:\/\/plantis.cz\/wp-content\/uploads\/2023\/09\/Navrh-bez-nazvu-123.png","contentUrl":"https:\/\/plantis.cz\/wp-content\/uploads\/2023\/09\/Navrh-bez-nazvu-123.png","width":3500,"height":2200,"caption":"Plantis.cz"},"image":{"@id":"https:\/\/plantis.cz\/#\/schema\/logo\/image\/"}}]}},"_links":{"self":[{"href":"https:\/\/plantis.cz\/cs\/wp-json\/wp\/v2\/product\/172868","targetHints":{"allow":["GET"]}}],"collection":[{"href":"https:\/\/plantis.cz\/cs\/wp-json\/wp\/v2\/product"}],"about":[{"href":"https:\/\/plantis.cz\/cs\/wp-json\/wp\/v2\/types\/product"}],"wp:featuredmedia":[{"embeddable":true,"href":"https:\/\/plantis.cz\/cs\/wp-json\/wp\/v2\/media\/172864"}],"wp:attachment":[{"href":"https:\/\/plantis.cz\/cs\/wp-json\/wp\/v2\/media?parent=172868"}],"wp:term":[{"taxonomy":"product_cat","embeddable":true,"href":"https:\/\/plantis.cz\/cs\/wp-json\/wp\/v2\/product_cat?post=172868"},{"taxonomy":"product_tag","embeddable":true,"href":"https:\/\/plantis.cz\/cs\/wp-json\/wp\/v2\/product_tag?post=172868"}],"curies":[{"name":"wp","href":"https:\/\/api.w.org\/{rel}","templated":true}]}}