{"id":163204,"date":"2023-10-26T13:23:02","date_gmt":"2023-10-26T11:23:02","guid":{"rendered":"https:\/\/plantis.cz\/?page_id=163204"},"modified":"2023-11-19T22:46:47","modified_gmt":"2023-11-19T21:46:47","slug":"reklamace-2","status":"publish","type":"page","link":"https:\/\/plantis.cz\/cs\/reklamace-2\/","title":{"rendered":"Reklamace"},"content":{"rendered":"<div data-elementor-type=\"wp-page\" data-elementor-id=\"163204\" class=\"elementor elementor-163204\" data-elementor-post-type=\"page\">\n\t\t\t\t<div class=\"elementor-element elementor-element-2579b87b e-flex e-con-boxed e-con e-parent\" data-id=\"2579b87b\" data-element_type=\"container\">\n\t\t\t\t\t<div class=\"e-con-inner\">\n\t\t\t\t<div class=\"elementor-element elementor-element-2b4670fb elementor-widget elementor-widget-text-editor\" data-id=\"2b4670fb\" data-element_type=\"widget\" data-widget_type=\"text-editor.default\">\n\t\t\t\t<div class=\"elementor-widget-container\">\n\t\t\t\t\t\t\t\t\t<p>Nen\u00ed nic otravn\u011bj\u0161\u00edho, ne\u017e kdy\u017e v\u00e1m bal\u00ed\u010dek doru\u010d\u00ed pozd\u011b nebo v\u016fbec.&nbsp;<\/p>\n<p>Na\u0161t\u011bst\u00ed s Plantis se toho nemus\u00edte b\u00e1t.&nbsp;<\/p>\n<p>Jednodu\u0161e podejte n\u00e1rok na jednu z n\u00e1sleduj\u00edc\u00edch mo\u017enost\u00ed<span class=\"Apple-converted-space\">&nbsp;<\/span><\/p>\n<ul>\n<li>V\u00e1\u0161 bal\u00ed\u010dek je doru\u010den pozd\u011bji, ne\u017e je sl\u00edben\u00e1 lh\u016fta uveden\u00e1 v obchod\u011b nebo se ztrat\u00ed v distribu\u010dn\u00edm centru.<\/li>\n<li>V\u00e1\u0161 bal\u00ed\u010dek je p\u0159i doru\u010den\u00ed po\u0161kozen.<\/li>\n<li>Reklamaci pod\u00e1te maxim\u00e1ln\u011b do 3 dn\u016f po p\u016fvodn\u011b zam\u00fd\u0161len\u00e9m doru\u010den\u00ed.<\/li>\n<li>V\u00e1\u0161 produkt nen\u00ed dod\u00e1n podle sl\u00edben\u00fdch specifikac\u00ed.<\/li>\n<\/ul>\n<p>Pokud se v\u00e1\u0161 n\u00e1rok prok\u00e1\u017ee jako opr\u00e1vn\u011bn\u00fd, nab\u00edz\u00edme v\u00e1m mo\u017enost obdr\u017eet nov\u00fd produkt nebo vr\u00e1cen\u00ed pen\u011bz v pln\u00e9 v\u00fd\u0161i v\u010detn\u011b n\u00e1klad\u016f na dopravu<\/p>\n<p><b>Po\u0161kozen\u00ed va\u0161eho produktu<\/b><\/p>\n<p>Zlomen\u00e1 v\u011btev nebo rostlina s chorobami; K tomuto druhu po\u0161kozen\u00ed m\u016f\u017ee doj\u00edt u \u010derstv\u00fdch rostlin a kv\u011btin. Na\u0161i p\u011bstitel\u00e9 d\u011blaj\u00ed v\u0161e pro to, aby tomu bylo zabr\u00e1nit, ale pokud p\u0159eci jen dojde k pln\u00e9mu po\u0161kozen\u00ed produktu, m\u00e1te samoz\u0159ejm\u011b n\u00e1rok na vr\u00e1cen\u00ed pen\u011bz ve v\u00fd\u0161i nebo na nov\u00fd produkt. Ud\u011blejte n\u011bkolik sn\u00edmk\u016f, ode\u0161lete reklamu (do 3 dn\u016f po doru\u010den\u00ed z\u00e1silky) na <a href=\"mailto:reklamace@plantis.cz\">reklamace@plantis.cz<\/a> a dejte n\u00e1m v\u011bd\u011bt, jak\u00e9 by pro v\u00e1s bylo spr\u00e1vn\u00e9 \u0159e\u0161en\u00ed reklamace.<\/p>\t\t\t\t\t\t\t\t<\/div>\n\t\t\t\t<\/div>\n\t\t\t\t\t<\/div>\n\t\t\t\t<\/div>\n\t\t<div class=\"elementor-element elementor-element-486a3b1 e-flex e-con-boxed e-con e-parent\" data-id=\"486a3b1\" data-element_type=\"container\">\n\t\t\t\t\t<div class=\"e-con-inner\">\n\t\t<div class=\"elementor-element elementor-element-91f27e0 e-con-full e-flex e-con e-child\" data-id=\"91f27e0\" data-element_type=\"container\">\n\t\t\t\t<div class=\"elementor-element elementor-element-2f11db3 elementor-widget elementor-widget-image\" data-id=\"2f11db3\" data-element_type=\"widget\" data-widget_type=\"image.default\">\n\t\t\t\t<div class=\"elementor-widget-container\">\n\t\t\t\t\t\t\t\t\t\t\t\t\t\t\t<img fetchpriority=\"high\" decoding=\"async\" width=\"640\" height=\"640\" src=\"https:\/\/plantis.cz\/wp-content\/uploads\/2023\/10\/1-Inpakken-verzenddoos-Kolibri-1536x1536-1-1024x1024.jpg\" class=\"attachment-large size-large wp-image-163209\" alt=\"\" srcset=\"https:\/\/plantis.cz\/wp-content\/uploads\/2023\/10\/1-Inpakken-verzenddoos-Kolibri-1536x1536-1-1024x1024.jpg 1024w, https:\/\/plantis.cz\/wp-content\/uploads\/2023\/10\/1-Inpakken-verzenddoos-Kolibri-1536x1536-1-300x300.jpg 300w, https:\/\/plantis.cz\/wp-content\/uploads\/2023\/10\/1-Inpakken-verzenddoos-Kolibri-1536x1536-1-150x150.jpg 150w, https:\/\/plantis.cz\/wp-content\/uploads\/2023\/10\/1-Inpakken-verzenddoos-Kolibri-1536x1536-1-768x768.jpg 768w, https:\/\/plantis.cz\/wp-content\/uploads\/2023\/10\/1-Inpakken-verzenddoos-Kolibri-1536x1536-1-304x304.jpg 304w, https:\/\/plantis.cz\/wp-content\/uploads\/2023\/10\/1-Inpakken-verzenddoos-Kolibri-1536x1536-1-900x900.jpg 900w, https:\/\/plantis.cz\/wp-content\/uploads\/2023\/10\/1-Inpakken-verzenddoos-Kolibri-1536x1536-1-100x100.jpg 100w, https:\/\/plantis.cz\/wp-content\/uploads\/2023\/10\/1-Inpakken-verzenddoos-Kolibri-1536x1536-1.jpg 1536w\" sizes=\"(max-width: 640px) 100vw, 640px\" \/>\t\t\t\t\t\t\t\t\t\t\t\t\t\t\t<\/div>\n\t\t\t\t<\/div>\n\t\t\t\t<\/div>\n\t\t<div class=\"elementor-element elementor-element-961df52 e-con-full e-flex e-con e-child\" data-id=\"961df52\" data-element_type=\"container\">\n\t\t\t\t<div class=\"elementor-element elementor-element-7f0a471 elementor-widget elementor-widget-image\" data-id=\"7f0a471\" data-element_type=\"widget\" data-widget_type=\"image.default\">\n\t\t\t\t<div class=\"elementor-widget-container\">\n\t\t\t\t\t\t\t\t\t\t\t\t\t\t\t<img decoding=\"async\" width=\"640\" height=\"640\" src=\"https:\/\/plantis.cz\/wp-content\/uploads\/2023\/10\/1.-verpakking-2-doos-1.jpg\" class=\"attachment-large size-large wp-image-163210\" alt=\"\" srcset=\"https:\/\/plantis.cz\/wp-content\/uploads\/2023\/10\/1.-verpakking-2-doos-1.jpg 1000w, https:\/\/plantis.cz\/wp-content\/uploads\/2023\/10\/1.-verpakking-2-doos-1-300x300.jpg 300w, https:\/\/plantis.cz\/wp-content\/uploads\/2023\/10\/1.-verpakking-2-doos-1-150x150.jpg 150w, https:\/\/plantis.cz\/wp-content\/uploads\/2023\/10\/1.-verpakking-2-doos-1-768x768.jpg 768w, https:\/\/plantis.cz\/wp-content\/uploads\/2023\/10\/1.-verpakking-2-doos-1-304x304.jpg 304w, https:\/\/plantis.cz\/wp-content\/uploads\/2023\/10\/1.-verpakking-2-doos-1-900x900.jpg 900w, https:\/\/plantis.cz\/wp-content\/uploads\/2023\/10\/1.-verpakking-2-doos-1-100x100.jpg 100w\" sizes=\"(max-width: 640px) 100vw, 640px\" \/>\t\t\t\t\t\t\t\t\t\t\t\t\t\t\t<\/div>\n\t\t\t\t<\/div>\n\t\t\t\t<\/div>\n\t\t\t\t\t<\/div>\n\t\t\t\t<\/div>\n\t\t\t\t<\/div>","protected":false},"excerpt":{"rendered":"<p>Nen\u00ed nic otravn\u011bj\u0161\u00edho, ne\u017e kdy\u017e v\u00e1m bal\u00ed\u010dek doru\u010d\u00ed pozd\u011b nebo v\u016fbec.&nbsp; Na\u0161t\u011bst\u00ed&nbsp;s&nbsp;Plantis se toho nemus\u00edte b\u00e1t.&nbsp; Jednodu\u0161e podejte n\u00e1rok na jednu z&nbsp;n\u00e1sleduj\u00edc\u00edch mo\u017enosti&nbsp; V\u00e1\u0161 bal\u00ed\u010dek je doru\u010den pozd\u011bji, ne\u017e je sl\u00edben\u00e1 dodac\u00ed lh\u016fta uveden\u00e1 v obchod\u011b nebo se ztrat\u00ed v distribu\u010dn\u00edm centru. V\u00e1\u0161 bal\u00ed\u010dek je p\u0159i doru\u010den\u00ed po\u0161kozen. Reklamaci pod\u00e1te maxim\u00e1ln\u011b do 3 dn\u016f po [&hellip;]<\/p>","protected":false},"author":1,"featured_media":0,"parent":0,"menu_order":0,"comment_status":"closed","ping_status":"closed","template":"elementor_header_footer","meta":{"footnotes":""},"class_list":["post-163204","page","type-page","status-publish","hentry","zita-woo-hover-zoom","zita-woo-alignment-left","zita-shadow-","zita-shadow-hover-","zita-single-product-content-left","zita-single-product-tab-"],"yoast_head":"<!-- This site is optimized with the Yoast SEO plugin v21.5 - https:\/\/yoast.com\/wordpress\/plugins\/seo\/ -->\n<title>Reklamace - Plantis.cz<\/title>\n<meta name=\"robots\" content=\"index, follow, max-snippet:-1, max-image-preview:large, max-video-preview:-1\" \/>\n<link rel=\"canonical\" href=\"https:\/\/plantis.cz\/cs\/reklamace-2\/\" \/>\n<meta property=\"og:locale\" content=\"cs_CZ\" \/>\n<meta property=\"og:type\" content=\"article\" \/>\n<meta property=\"og:title\" content=\"Reklamace - Plantis.cz\" \/>\n<meta property=\"og:description\" content=\"Nen\u00ed nic otravn\u011bj\u0161\u00edho, ne\u017e kdy\u017e v\u00e1m bal\u00ed\u010dek doru\u010d\u00ed pozd\u011b nebo v\u016fbec.&nbsp; Na\u0161t\u011bst\u00ed&nbsp;s&nbsp;Plantis se toho nemus\u00edte b\u00e1t.&nbsp; Jednodu\u0161e podejte n\u00e1rok na jednu z&nbsp;n\u00e1sleduj\u00edc\u00edch mo\u017enosti&nbsp; V\u00e1\u0161 bal\u00ed\u010dek je doru\u010den pozd\u011bji, ne\u017e je sl\u00edben\u00e1 dodac\u00ed lh\u016fta uveden\u00e1 v obchod\u011b nebo se ztrat\u00ed v distribu\u010dn\u00edm centru. V\u00e1\u0161 bal\u00ed\u010dek je p\u0159i doru\u010den\u00ed po\u0161kozen. Reklamaci pod\u00e1te maxim\u00e1ln\u011b do 3 dn\u016f po [&hellip;]\" \/>\n<meta property=\"og:url\" content=\"https:\/\/plantis.cz\/cs\/reklamace-2\/\" \/>\n<meta property=\"og:site_name\" content=\"Plantis.cz\" \/>\n<meta property=\"article:modified_time\" content=\"2023-11-19T21:46:47+00:00\" \/>\n<meta property=\"og:image\" content=\"https:\/\/plantis.cz\/wp-content\/uploads\/2023\/10\/1-Inpakken-verzenddoos-Kolibri-1536x1536-1-1024x1024.jpg\" \/>\n<meta name=\"twitter:card\" content=\"summary_large_image\" \/>\n<meta name=\"twitter:label1\" content=\"Odhadovan\u00e1 doba \u010dten\u00ed\" \/>\n\t<meta name=\"twitter:data1\" content=\"2 minuty\" \/>\n<script type=\"application\/ld+json\" class=\"yoast-schema-graph\">{\"@context\":\"https:\/\/schema.org\",\"@graph\":[{\"@type\":\"WebPage\",\"@id\":\"https:\/\/plantis.cz\/reklamace-2\/\",\"url\":\"https:\/\/plantis.cz\/reklamace-2\/\",\"name\":\"Reklamace - Plantis.cz\",\"isPartOf\":{\"@id\":\"https:\/\/plantis.cz\/#website\"},\"datePublished\":\"2023-10-26T11:23:02+00:00\",\"dateModified\":\"2023-11-19T21:46:47+00:00\",\"breadcrumb\":{\"@id\":\"https:\/\/plantis.cz\/reklamace-2\/#breadcrumb\"},\"inLanguage\":\"cs\",\"potentialAction\":[{\"@type\":\"ReadAction\",\"target\":[\"https:\/\/plantis.cz\/reklamace-2\/\"]}]},{\"@type\":\"BreadcrumbList\",\"@id\":\"https:\/\/plantis.cz\/reklamace-2\/#breadcrumb\",\"itemListElement\":[{\"@type\":\"ListItem\",\"position\":1,\"name\":\"Dom\u016f\",\"item\":\"https:\/\/plantis.cz\/\"},{\"@type\":\"ListItem\",\"position\":2,\"name\":\"Reklamace\"}]},{\"@type\":\"WebSite\",\"@id\":\"https:\/\/plantis.cz\/#website\",\"url\":\"https:\/\/plantis.cz\/\",\"name\":\"Plantis.cz\",\"description\":\"Kv\u011btiny\",\"publisher\":{\"@id\":\"https:\/\/plantis.cz\/#organization\"},\"potentialAction\":[{\"@type\":\"SearchAction\",\"target\":{\"@type\":\"EntryPoint\",\"urlTemplate\":\"https:\/\/plantis.cz\/?s={search_term_string}\"},\"query-input\":\"required name=search_term_string\"}],\"inLanguage\":\"cs\"},{\"@type\":\"Organization\",\"@id\":\"https:\/\/plantis.cz\/#organization\",\"name\":\"Plantis.cz\",\"url\":\"https:\/\/plantis.cz\/\",\"logo\":{\"@type\":\"ImageObject\",\"inLanguage\":\"cs\",\"@id\":\"https:\/\/plantis.cz\/#\/schema\/logo\/image\/\",\"url\":\"https:\/\/plantis.cz\/wp-content\/uploads\/2023\/09\/Navrh-bez-nazvu-123.png\",\"contentUrl\":\"https:\/\/plantis.cz\/wp-content\/uploads\/2023\/09\/Navrh-bez-nazvu-123.png\",\"width\":3500,\"height\":2200,\"caption\":\"Plantis.cz\"},\"image\":{\"@id\":\"https:\/\/plantis.cz\/#\/schema\/logo\/image\/\"}}]}<\/script>\n<!-- \/ Yoast SEO plugin. -->","yoast_head_json":{"title":"Reklamace - Plantis.cz","robots":{"index":"index","follow":"follow","max-snippet":"max-snippet:-1","max-image-preview":"max-image-preview:large","max-video-preview":"max-video-preview:-1"},"canonical":"https:\/\/plantis.cz\/cs\/reklamace-2\/","og_locale":"cs_CZ","og_type":"article","og_title":"Reklamace - Plantis.cz","og_description":"Nen\u00ed nic otravn\u011bj\u0161\u00edho, ne\u017e kdy\u017e v\u00e1m bal\u00ed\u010dek doru\u010d\u00ed pozd\u011b nebo v\u016fbec.&nbsp; Na\u0161t\u011bst\u00ed&nbsp;s&nbsp;Plantis se toho nemus\u00edte b\u00e1t.&nbsp; Jednodu\u0161e podejte n\u00e1rok na jednu z&nbsp;n\u00e1sleduj\u00edc\u00edch mo\u017enosti&nbsp; V\u00e1\u0161 bal\u00ed\u010dek je doru\u010den pozd\u011bji, ne\u017e je sl\u00edben\u00e1 dodac\u00ed lh\u016fta uveden\u00e1 v obchod\u011b nebo se ztrat\u00ed v distribu\u010dn\u00edm centru. V\u00e1\u0161 bal\u00ed\u010dek je p\u0159i doru\u010den\u00ed po\u0161kozen. Reklamaci pod\u00e1te maxim\u00e1ln\u011b do 3 dn\u016f po [&hellip;]","og_url":"https:\/\/plantis.cz\/cs\/reklamace-2\/","og_site_name":"Plantis.cz","article_modified_time":"2023-11-19T21:46:47+00:00","og_image":[{"url":"https:\/\/plantis.cz\/wp-content\/uploads\/2023\/10\/1-Inpakken-verzenddoos-Kolibri-1536x1536-1-1024x1024.jpg"}],"twitter_card":"summary_large_image","twitter_misc":{"Odhadovan\u00e1 doba \u010dten\u00ed":"2 minuty"},"schema":{"@context":"https:\/\/schema.org","@graph":[{"@type":"WebPage","@id":"https:\/\/plantis.cz\/reklamace-2\/","url":"https:\/\/plantis.cz\/reklamace-2\/","name":"Reklamace - Plantis.cz","isPartOf":{"@id":"https:\/\/plantis.cz\/#website"},"datePublished":"2023-10-26T11:23:02+00:00","dateModified":"2023-11-19T21:46:47+00:00","breadcrumb":{"@id":"https:\/\/plantis.cz\/reklamace-2\/#breadcrumb"},"inLanguage":"cs","potentialAction":[{"@type":"ReadAction","target":["https:\/\/plantis.cz\/reklamace-2\/"]}]},{"@type":"BreadcrumbList","@id":"https:\/\/plantis.cz\/reklamace-2\/#breadcrumb","itemListElement":[{"@type":"ListItem","position":1,"name":"Dom\u016f","item":"https:\/\/plantis.cz\/"},{"@type":"ListItem","position":2,"name":"Reklamace"}]},{"@type":"WebSite","@id":"https:\/\/plantis.cz\/#website","url":"https:\/\/plantis.cz\/","name":"Plantis.cz","description":"Kv\u011btiny","publisher":{"@id":"https:\/\/plantis.cz\/#organization"},"potentialAction":[{"@type":"SearchAction","target":{"@type":"EntryPoint","urlTemplate":"https:\/\/plantis.cz\/?s={search_term_string}"},"query-input":"required name=search_term_string"}],"inLanguage":"cs"},{"@type":"Organization","@id":"https:\/\/plantis.cz\/#organization","name":"Plantis.cz","url":"https:\/\/plantis.cz\/","logo":{"@type":"ImageObject","inLanguage":"cs","@id":"https:\/\/plantis.cz\/#\/schema\/logo\/image\/","url":"https:\/\/plantis.cz\/wp-content\/uploads\/2023\/09\/Navrh-bez-nazvu-123.png","contentUrl":"https:\/\/plantis.cz\/wp-content\/uploads\/2023\/09\/Navrh-bez-nazvu-123.png","width":3500,"height":2200,"caption":"Plantis.cz"},"image":{"@id":"https:\/\/plantis.cz\/#\/schema\/logo\/image\/"}}]}},"_links":{"self":[{"href":"https:\/\/plantis.cz\/cs\/wp-json\/wp\/v2\/pages\/163204","targetHints":{"allow":["GET"]}}],"collection":[{"href":"https:\/\/plantis.cz\/cs\/wp-json\/wp\/v2\/pages"}],"about":[{"href":"https:\/\/plantis.cz\/cs\/wp-json\/wp\/v2\/types\/page"}],"author":[{"embeddable":true,"href":"https:\/\/plantis.cz\/cs\/wp-json\/wp\/v2\/users\/1"}],"replies":[{"embeddable":true,"href":"https:\/\/plantis.cz\/cs\/wp-json\/wp\/v2\/comments?post=163204"}],"version-history":[{"count":8,"href":"https:\/\/plantis.cz\/cs\/wp-json\/wp\/v2\/pages\/163204\/revisions"}],"predecessor-version":[{"id":170437,"href":"https:\/\/plantis.cz\/cs\/wp-json\/wp\/v2\/pages\/163204\/revisions\/170437"}],"wp:attachment":[{"href":"https:\/\/plantis.cz\/cs\/wp-json\/wp\/v2\/media?parent=163204"}],"curies":[{"name":"wp","href":"https:\/\/api.w.org\/{rel}","templated":true}]}}